{"id":1201,"date":"2020-08-17T09:12:01","date_gmt":"2020-08-17T09:12:01","guid":{"rendered":"https:\/\/france-gastronomie.shop\/?post_type=product&#038;p=1201"},"modified":"2026-01-15T11:35:14","modified_gmt":"2026-01-15T10:35:14","slug":"chateau-labadie-medoc-cru-bourgeois","status":"publish","type":"product","link":"https:\/\/france-gastronomie.shop\/cs\/produit\/chateau-labadie-medoc-cru-bourgeois\/","title":{"rendered":"Ch\u00e2teau Labadie <br\/> M\u00e9doc Cru Bourgeois"},"content":{"rendered":"<h5>Ch\u00e2teau Labadie<\/h5>\n<h5>AOC M\u00e9doc Cru Bourgeois<\/h5>\n<p>P\u016fvod<br \/>\nCh\u00e2teau Labadie se nach\u00e1z\u00ed v obci B\u00e9gadan, 70 km severn\u011b od Bordeaux. Sv\u00e9 jm\u00e9no z\u00edskalo podle jedn\u00e9 z prvn\u00edch \u010dty\u0159 parcel, kter\u00e9 koupil Yves Bibey v roce 1970. Toto rodinn\u00e9 vina\u0159stv\u00ed je nyn\u00ed provozov\u00e1no Jeromem Bibeyem a pokr\u00fdv\u00e1 60 hektar\u016f vinic. P\u00e9\u010de a z\u00e1vazek rodiny Bibeyov\u00fdch se odr\u00e1\u017e\u00ed v jedine\u010dn\u00e9m charakteru tohoto v\u00edna M\u00e9doc Cru Bourgeois.<\/p>\n<p>Kva\u0161en\u00ed<br \/>\nTradi\u010dn\u00ed<\/p>\n<p>Odr\u016fdy<br \/>\nCabernet sauvignon 40%, Merlot 53%, Cabernet franc 3%, Petit verdot 4%<\/p>\n<p>Degustace<br \/>\nGran\u00e1tov\u00e1 barva a rub\u00ednov\u00e9 j\u00e1dro. V\u016fn\u011b nab\u00edz\u00ed n\u00e1dech pe\u010den\u00ed, sladk\u00e9ho ko\u0159en\u00ed, f\u00edk\u016f a zral\u00e9ho \u010dern\u00e9ho ovoce. Chu\u0165 je jemn\u00e1 na prvn\u00ed dou\u0161ek a rozv\u00edj\u00ed se do hedv\u00e1bn\u00e9, s kulat\u00fdmi, du\u017enat\u00fdmi t\u0159\u00edslovinami, dobr\u00fdm objemem a s dotykem vanilky. Lahodn\u00e1 a elegantn\u00ed chu\u0165 s vytrval\u00fdm a velmi aromatick\u00fdm z\u00e1v\u011brem.<\/p>\n<p>Serv\u00edrov\u00e1n\u00ed<br \/>\nPod\u00e1v\u00e1me s grilovanou sv\u00ed\u010dkovou, telec\u00edm Blanquette nebo smetanov\u00fdmi s\u00fdry.<\/p>\n<p>Teplota<br \/>\nDekantuje a serv\u00edruje se p\u0159i 17\u00b0C<\/p>\n<p>Ocen\u011bn\u00ed<br \/>\n2013: Zlat\u00e1 medaile Macon 2015<br \/>\nZlat\u00e1 medaile Gilbert &amp; Gaillard 2015<br \/>\n2012: Zlat\u00e1 medaile Gilbert &amp; Gaillard 2014<\/p>\n","protected":false},"excerpt":{"rendered":"<h5>AOC M\u00e9doc Cru Bourgeois<\/h5>\n<p>Maison Le Star je realizac\u00ed snu a vyj\u00e1d\u0159en\u00edm v\u00e1\u0161n\u011b.<br \/>\nObklopeni t\u00fdmem profesion\u00e1l\u016f, enolog\u016f a sommelier\u016f, kte\u0159\u00ed zaru\u010duj\u00ed kvalitu n\u00e1mi vyr\u00e1b\u011bn\u00fdch a vybran\u00fdch v\u00edn, nab\u00edz\u00edme budouc\u00edm milovn\u00edk\u016fm a znalc\u016fm v\u00edna z cel\u00e9ho sv\u011bta kvalitn\u00ed francouzsk\u00e1 v\u00edna za odpov\u00eddaj\u00edc\u00ed cenu.<\/p>\n<p>Odr\u016fdy<br \/>\nCabernet sauvignon 40%, Merlot 53%, Cabernet franc 3%<br \/>\nPetit verdot 4%<\/p>\n","protected":false},"featured_media":2044,"comment_status":"closed","ping_status":"closed","template":"","meta":[],"product_brand":[],"product_cat":[383,389,394,400,410,385,388],"product_tag":[],"class_list":{"0":"post-1201","1":"product","2":"type-product","3":"status-publish","4":"has-post-thumbnail","6":"product_cat-vina","7":"product_cat-spickova-vina","8":"product_cat-regiony","9":"product_cat-bordeaux-cs","10":"product_cat-medoc-cs","11":"product_cat-barva","12":"product_cat-cervena-vina","14":"first","15":"instock","16":"taxable","17":"shipping-taxable","18":"purchasable","19":"product-type-variable","20":"has-default-attributes"},"jetpack_sharing_enabled":true,"_links":{"self":[{"href":"https:\/\/france-gastronomie.shop\/cs\/wp-json\/wp\/v2\/product\/1201","targetHints":{"allow":["GET"]}}],"collection":[{"href":"https:\/\/france-gastronomie.shop\/cs\/wp-json\/wp\/v2\/product"}],"about":[{"href":"https:\/\/france-gastronomie.shop\/cs\/wp-json\/wp\/v2\/types\/product"}],"replies":[{"embeddable":true,"href":"https:\/\/france-gastronomie.shop\/cs\/wp-json\/wp\/v2\/comments?post=1201"}],"wp:featuredmedia":[{"embeddable":true,"href":"https:\/\/france-gastronomie.shop\/cs\/wp-json\/wp\/v2\/media\/2044"}],"wp:attachment":[{"href":"https:\/\/france-gastronomie.shop\/cs\/wp-json\/wp\/v2\/media?parent=1201"}],"wp:term":[{"taxonomy":"product_brand","embeddable":true,"href":"https:\/\/france-gastronomie.shop\/cs\/wp-json\/wp\/v2\/product_brand?post=1201"},{"taxonomy":"product_cat","embeddable":true,"href":"https:\/\/france-gastronomie.shop\/cs\/wp-json\/wp\/v2\/product_cat?post=1201"},{"taxonomy":"product_tag","embeddable":true,"href":"https:\/\/france-gastronomie.shop\/cs\/wp-json\/wp\/v2\/product_tag?post=1201"}],"curies":[{"name":"wp","href":"https:\/\/api.w.org\/{rel}","templated":true}]}}