{"id":1197,"date":"2020-08-17T08:53:12","date_gmt":"2020-08-17T08:53:12","guid":{"rendered":"https:\/\/france-gastronomie.shop\/?post_type=product&#038;p=1197"},"modified":"2026-01-15T11:35:08","modified_gmt":"2026-01-15T10:35:08","slug":"chateau-pontet-barrail-medoc-cru-bourgeois","status":"publish","type":"product","link":"https:\/\/france-gastronomie.shop\/cs\/produit\/chateau-pontet-barrail-medoc-cru-bourgeois\/","title":{"rendered":"Ch. Pontet Barrail <br\/> M\u00e9doc Cru Bourgeois"},"content":{"rendered":"<h5>Ch\u00e2teau Pontet Barrail<\/h5>\n<h5>AOC M\u00e9doc Cru Bourgeois<\/h5>\n<p>P\u016fvod<br \/>\nCh\u00e2teau Pontet Barrail pokr\u00fdv\u00e1 17 hektar\u016f \u00fazem\u00ed slo\u017een\u00e9ho z j\u00edlovito-v\u00e1pencov\u00fdch a \u0161t\u011brkop\u00eds\u010dit\u00fdch p\u016fd. Vinice maj\u00ed pr\u016fm\u011brn\u00fd v\u011bk 38 let a da\u0159\u00ed se jim na tomto \u00fazem\u00ed, kter\u00e9 jim umo\u017e\u0148uje dos\u00e1hnout jejich pln\u00e9ho potenci\u00e1lu. Rodinn\u00e1 pr\u00e1ce na z\u00e1meck\u00fdch vinic\u00edch byla ocen\u011bna statusem &#8222;Cru Bourgeois &#8220;, co\u017e je referen\u010dn\u00edm bodem v regionu M\u00e9doc.<\/p>\n<p>Kva\u0161en\u00ed<br \/>\nTradi\u010dn\u00ed nerezov\u00e9 k\u00e1d\u011b s \u0159\u00edzenou teplotou<\/p>\n<p>Odr\u016fdy<br \/>\nCabernet sauvignon 60%, Merlot 30%, Petit Verdot 6%, Cabernet franc 4%<\/p>\n<p>Degustace<br \/>\nGran\u00e1tov\u00e1 barva. V\u016fn\u011b po chlebu, ko\u0159en\u00ed, f\u00edc\u00edch a \u010dern\u00e9m ovoci. Kulat\u00e1 a v\u00fdrazn\u00e1 chu\u0165 dopl\u0148ovan\u00e1 hedv\u00e1bnou texturou, komplexn\u00edmi t\u0159\u00edslovinami a v\u016fn\u00ed \u010dern\u00e9ho ovoce. Celek je rafinovan\u00fd a elegantn\u00ed s dlouh\u00fdm a aromatick\u00fdm z\u00e1v\u011brem.<\/p>\n<p>Serv\u00edrov\u00e1n\u00ed<br \/>\nHod\u00ed se k telec\u00edmu masu, ro\u0161t\u011bn\u00e9 v om\u00e1\u010dce z \u010derven\u00e9ho v\u00edna, sv\u00ed\u010dkov\u00e9 &#8222;Rossini&#8220; a zral\u00e9mu s\u00fdru Cantal na z\u00e1v\u011br.<\/p>\n<p>Teplota<br \/>\n17\u00b0C<br \/>\nArchivovat 5 a\u017e 10 let<\/p>\n<p>Ocen\u011bn\u00ed<br \/>\n2013: St\u0159\u00edbrn\u00e1 medaile Concours de Bordeaux 2015<br \/>\n2012: St\u0159\u00edbrn\u00e1 medaile Concours de Bordeaux 2014<\/p>\n","protected":false},"excerpt":{"rendered":"<h5>AOC M\u00e9doc Cru Bourgeois<\/h5>\n<p>Maison Le Star je realizac\u00ed snu a vyj\u00e1d\u0159en\u00edm v\u00e1\u0161n\u011b.<br \/>\nObklopeni t\u00fdmem profesion\u00e1l\u016f, enolog\u016f a sommelier\u016f, kte\u0159\u00ed zaru\u010duj\u00ed kvalitu n\u00e1mi vyr\u00e1b\u011bn\u00fdch a vybran\u00fdch v\u00edn, nab\u00edz\u00edme budouc\u00edm milovn\u00edk\u016fm a znalc\u016fm v\u00edna z cel\u00e9ho sv\u011bta kvalitn\u00ed francouzsk\u00e1 v\u00edna za odpov\u00eddaj\u00edc\u00ed cenu.<\/p>\n<p>Odr\u016fdy<br \/>\nCabernet sauvignon 60%, Merlot 30%, Petit Verdot 6%, Cabernet franc 4%<\/p>\n","protected":false},"featured_media":2038,"comment_status":"closed","ping_status":"closed","template":"","meta":[],"product_brand":[],"product_cat":[383,394,400,410,385,388],"product_tag":[],"class_list":{"0":"post-1197","1":"product","2":"type-product","3":"status-publish","4":"has-post-thumbnail","6":"product_cat-vina","7":"product_cat-regiony","8":"product_cat-bordeaux-cs","9":"product_cat-medoc-cs","10":"product_cat-barva","11":"product_cat-cervena-vina","13":"first","14":"outofstock","15":"taxable","16":"shipping-taxable","17":"purchasable","18":"product-type-simple"},"jetpack_sharing_enabled":true,"_links":{"self":[{"href":"https:\/\/france-gastronomie.shop\/cs\/wp-json\/wp\/v2\/product\/1197","targetHints":{"allow":["GET"]}}],"collection":[{"href":"https:\/\/france-gastronomie.shop\/cs\/wp-json\/wp\/v2\/product"}],"about":[{"href":"https:\/\/france-gastronomie.shop\/cs\/wp-json\/wp\/v2\/types\/product"}],"replies":[{"embeddable":true,"href":"https:\/\/france-gastronomie.shop\/cs\/wp-json\/wp\/v2\/comments?post=1197"}],"wp:featuredmedia":[{"embeddable":true,"href":"https:\/\/france-gastronomie.shop\/cs\/wp-json\/wp\/v2\/media\/2038"}],"wp:attachment":[{"href":"https:\/\/france-gastronomie.shop\/cs\/wp-json\/wp\/v2\/media?parent=1197"}],"wp:term":[{"taxonomy":"product_brand","embeddable":true,"href":"https:\/\/france-gastronomie.shop\/cs\/wp-json\/wp\/v2\/product_brand?post=1197"},{"taxonomy":"product_cat","embeddable":true,"href":"https:\/\/france-gastronomie.shop\/cs\/wp-json\/wp\/v2\/product_cat?post=1197"},{"taxonomy":"product_tag","embeddable":true,"href":"https:\/\/france-gastronomie.shop\/cs\/wp-json\/wp\/v2\/product_tag?post=1197"}],"curies":[{"name":"wp","href":"https:\/\/api.w.org\/{rel}","templated":true}]}}