{"id":1195,"date":"2020-08-17T07:50:48","date_gmt":"2020-08-17T07:50:48","guid":{"rendered":"https:\/\/france-gastronomie.shop\/?post_type=product&#038;p=1195"},"modified":"2025-02-07T22:15:40","modified_gmt":"2025-02-07T22:15:40","slug":"chateau-clos-du-moulinmedoc-cru-bourgeois","status":"publish","type":"product","link":"https:\/\/france-gastronomie.shop\/cs\/produit\/chateau-clos-du-moulinmedoc-cru-bourgeois\/","title":{"rendered":"Ch\u00e2teau Clos du Moulin <br\/> M\u00e9doc Cru Bourgeois"},"content":{"rendered":"<h5>Ch\u00e2teau Clos du Moulin<\/h5>\n<h5>AOC M\u00e9doc Cru Bourgeois<\/h5>\n<p>P\u016eVOD<br \/>\nKo\u0159eny Ch\u00e2teau Clos du Moulin sahaj\u00ed a\u017e do 19. stolet\u00ed. Bylo za\u0159azeno do Cru Bourgeois v roce 1932.<br \/>\nVinice o pr\u016fm\u011brn\u00e9m st\u00e1\u0159\u00ed 30 let jsou os\u00e1zeny na 11 hektarech, kter\u00e9 jsou rozd\u011bleny na n\u011bkolik pozemk\u016f.<br \/>\nTy jsou charakterizov\u00e1ny v\u00fdjime\u010dnou p\u016fdou: \u0161t\u011brkovit\u00e9 p\u016fdy, nach\u00e1zej\u00edc\u00ed se p\u0159\u00edmo na b\u0159ez\u00edch Gironde, a v\u00e1pencov\u00e9 desky, 2 km od Gironde, d\u00e1vaj\u00ed v\u0161echnu svou s\u00edlu a jemnost bobul\u00edm a n\u00e1sledn\u011b v\u00edn\u016fm z tohoto vina\u0159stv\u00ed.<\/p>\n<p>VINIFIKACE<br \/>\nTradi\u010dn\u00ed vinifikace v nerezov\u00fdch n\u00e1dr\u017e\u00edch s \u0159\u00edzenou teplotou.<br \/>\nZr\u00e1n\u00ed v sudech z francouzsk\u00e9ho dubu.<\/p>\n<p>ODR\u016eDY<br \/>\n50% Merlot, 50% Cabernet Sauvignon<\/p>\n<p>DEGUSTACE<br \/>\nBarva syt\u00e1 a hlubok\u00e1.<br \/>\nV\u016fn\u011b intenzivn\u00ed se zn\u00e1mkami pra\u017een\u00ed a \u010derven\u00e9ho ovoce.<br \/>\nChu\u0165 je ovocn\u00e1 a elegantn\u00ed, s p\u011bknou tenz\u00ed a kon\u010d\u00ed dlouh\u00fdm z\u00e1v\u011brem.<\/p>\n<p>DOPORU\u010cEN\u00cd<br \/>\nToto v\u00edno si vychutn\u00e1te k perli\u010dce s houbami, jehn\u011b\u010d\u00ed kotletce na bylink\u00e1ch nebo k jemn\u00fdm s\u00fdr\u016fm.<\/p>\n<p>TEPLOTA<br \/>\n17\u00b0C<br \/>\nDoba uskladn\u011bn\u00ed: 6 a\u017e 8 let<\/p>\n<p>OCEN\u011aN\u00cd<br \/>\n2014: Zlat\u00e1 medaile \u2013 Bordeaux 2016<br \/>\n2013: St\u0159\u00edbrn\u00e1 medaile \u2013 Bordeaux 2015<br \/>\n2012: Zlat\u00e1 medaile \u2013 Paris 2014<\/p>\n","protected":false},"excerpt":{"rendered":"<h5>AOC M\u00e9doc Cru Bourgeois<\/h5>\n<p>Maison Le Star je realizac\u00ed snu a vyj\u00e1d\u0159en\u00edm v\u00e1\u0161n\u011b.<br \/>\nObklopeni t\u00fdmem profesion\u00e1l\u016f, enolog\u016f a sommelier\u016f, kte\u0159\u00ed zaru\u010duj\u00ed kvalitu n\u00e1mi vyr\u00e1b\u011bn\u00fdch a vybran\u00fdch v\u00edn, nab\u00edz\u00edme budouc\u00edm milovn\u00edk\u016fm a znalc\u016fm v\u00edna z cel\u00e9ho sv\u011bta kvalitn\u00ed francouzsk\u00e1 v\u00edna za odpov\u00eddaj\u00edc\u00ed cenu.<\/p>\n<p>ODR\u016eDY<br \/>\n50% Merlot, 50% Cabernet Sauvignon<\/p>\n","protected":false},"featured_media":2035,"comment_status":"closed","ping_status":"closed","template":"","meta":[],"product_brand":[],"product_cat":[383,394,400,410,385,388],"product_tag":[],"class_list":{"0":"post-1195","1":"product","2":"type-product","3":"status-publish","4":"has-post-thumbnail","6":"product_cat-vina","7":"product_cat-regiony","8":"product_cat-bordeaux-cs","9":"product_cat-medoc-cs","10":"product_cat-barva","11":"product_cat-cervena-vina","13":"first","14":"outofstock","15":"taxable","16":"shipping-taxable","17":"purchasable","18":"product-type-simple"},"jetpack_sharing_enabled":true,"_links":{"self":[{"href":"https:\/\/france-gastronomie.shop\/cs\/wp-json\/wp\/v2\/product\/1195","targetHints":{"allow":["GET"]}}],"collection":[{"href":"https:\/\/france-gastronomie.shop\/cs\/wp-json\/wp\/v2\/product"}],"about":[{"href":"https:\/\/france-gastronomie.shop\/cs\/wp-json\/wp\/v2\/types\/product"}],"replies":[{"embeddable":true,"href":"https:\/\/france-gastronomie.shop\/cs\/wp-json\/wp\/v2\/comments?post=1195"}],"wp:featuredmedia":[{"embeddable":true,"href":"https:\/\/france-gastronomie.shop\/cs\/wp-json\/wp\/v2\/media\/2035"}],"wp:attachment":[{"href":"https:\/\/france-gastronomie.shop\/cs\/wp-json\/wp\/v2\/media?parent=1195"}],"wp:term":[{"taxonomy":"product_brand","embeddable":true,"href":"https:\/\/france-gastronomie.shop\/cs\/wp-json\/wp\/v2\/product_brand?post=1195"},{"taxonomy":"product_cat","embeddable":true,"href":"https:\/\/france-gastronomie.shop\/cs\/wp-json\/wp\/v2\/product_cat?post=1195"},{"taxonomy":"product_tag","embeddable":true,"href":"https:\/\/france-gastronomie.shop\/cs\/wp-json\/wp\/v2\/product_tag?post=1195"}],"curies":[{"name":"wp","href":"https:\/\/api.w.org\/{rel}","templated":true}]}}