{"id":1047,"date":"2020-08-11T15:47:47","date_gmt":"2020-08-11T15:47:47","guid":{"rendered":"https:\/\/france-gastronomie.shop\/?post_type=product&#038;p=1047"},"modified":"2025-11-28T16:25:16","modified_gmt":"2025-11-28T16:25:16","slug":"cellier-des-princes-cotes-du-rhone-2","status":"publish","type":"product","link":"https:\/\/france-gastronomie.shop\/cs\/produit\/cellier-des-princes-cotes-du-rhone-2\/","title":{"rendered":"Le Sceau du Prince <br\/> AOC C\u00f4tes du Rh\u00f4ne"},"content":{"rendered":"<h5>Le Sceau du Prince<\/h5>\n<h5>AOC C\u00f4tes du Rh\u00f4ne<\/h5>\n<p>P\u016fvod:<br \/>\nJ\u00edlovo k\u0159emi\u010dit\u00e9 podlo\u017e\u00ed.<\/p>\n<p>Vinifikace:<br \/>\nOb\u00edran\u00ed hrozn\u016f, lisov\u00e1n\u00ed , kva\u0161en\u00ed p\u0159i n\u00edzk\u00e9 teplot\u011b 14 a\u017e 16\u00b0 C.<\/p>\n<p>Zr\u00e1n\u00ed:<br \/>\n2 a\u017e 3 m\u011bs\u00edce v n\u00e1dr\u017ei<\/p>\n<p>Odr\u016fdy:<br \/>\nGrenache blanc 60%, Clairette 29%, Bourboulenc 10% a Roussane 1%.<\/p>\n<p>Chu\u0165ov\u00e9 pozn\u00e1mky od na\u0161eho enologa:<br \/>\nB\u00edl\u00e9 v\u00edno se \u017elutou t\u0159pytivou barvou s odrazy sv\u011btla. Zp\u016fsob fermentace za studena mu dod\u00e1v\u00e1 skv\u011blou aromatickou jemnost. V\u016fn\u011b po citrusov\u00fdch a b\u00edl\u00fdch kv\u011btech. Na pat\u0159e je p\u0159\u00edjemn\u00e1 rovnov\u00e1ha se sv\u011b\u017eest\u00ed a hodn\u011b s\u00edly.<\/p>\n<p>Rady k degustaci:<br \/>\nUchov\u00e1vat: 2 &#8211; 3 roky. 10\u00b0-12\u00b0C<\/p>\n<p>Doporu\u010den\u00ed:<br \/>\nM\u016f\u017ee se p\u00edt samo, jako aperitiv, hod\u00ed se perfektn\u011b k pokrm\u016fm z kor\u00fd\u0161\u016f a ryb.<\/p>\n<p>B\u00edl\u00e9 such\u00e9<\/p>\n","protected":false},"excerpt":{"rendered":"<h5>AOC C\u00f4tes du Rh\u00f4ne<\/h5>\n<p>V roce 1925 se spojila skupina vina\u0159\u016f p\u0159esv\u011bd\u010den\u00fdch o hodnot\u00e1ch solidarity a vz\u00e1jemn\u00e9 pomoci. O jeden\u00e1ct let pozd\u011bji se tito vizion\u00e1\u0159\u0161t\u00ed vina\u0159i pod\u00edleli na vytvo\u0159en\u00ed prvn\u00ed apelace ve Francii: CH\u00c2TEAUNEUF-DU-PAPE.<br \/>\n189 vina\u0159\u016f z CELLIER DES PRINCES, kte\u0159\u00ed byli na po\u010d\u00e1tku sjednoceni, je hrd\u00fdch na to, \u017ee mohou sv\u00e1 v\u00edna prod\u00e1vat na v\u0161ech p\u011bti kontinentech a p\u0159ed\u00e1vat sv\u00e9 hodnoty, jako je pohostinnost a dokonalost.<\/p>\n<p>Odr\u016fdy:<br \/>\nGrenache blanc 60%, Clairette 29%, Bourboulenc 10% a Roussane 1%<\/p>\n","protected":false},"featured_media":21194,"comment_status":"closed","ping_status":"closed","template":"","meta":[],"product_brand":[],"product_cat":[383,394,435,438,385,386],"product_tag":[],"class_list":{"0":"post-1047","1":"product","2":"type-product","3":"status-publish","4":"has-post-thumbnail","6":"product_cat-vina","7":"product_cat-regiony","8":"product_cat-vallee-du-rhone-cs","9":"product_cat-cotes-du-rhone-cs","10":"product_cat-barva","11":"product_cat-bila-vina","13":"first","14":"instock","15":"taxable","16":"shipping-taxable","17":"purchasable","18":"product-type-simple"},"jetpack_sharing_enabled":true,"_links":{"self":[{"href":"https:\/\/france-gastronomie.shop\/cs\/wp-json\/wp\/v2\/product\/1047","targetHints":{"allow":["GET"]}}],"collection":[{"href":"https:\/\/france-gastronomie.shop\/cs\/wp-json\/wp\/v2\/product"}],"about":[{"href":"https:\/\/france-gastronomie.shop\/cs\/wp-json\/wp\/v2\/types\/product"}],"replies":[{"embeddable":true,"href":"https:\/\/france-gastronomie.shop\/cs\/wp-json\/wp\/v2\/comments?post=1047"}],"wp:featuredmedia":[{"embeddable":true,"href":"https:\/\/france-gastronomie.shop\/cs\/wp-json\/wp\/v2\/media\/21194"}],"wp:attachment":[{"href":"https:\/\/france-gastronomie.shop\/cs\/wp-json\/wp\/v2\/media?parent=1047"}],"wp:term":[{"taxonomy":"product_brand","embeddable":true,"href":"https:\/\/france-gastronomie.shop\/cs\/wp-json\/wp\/v2\/product_brand?post=1047"},{"taxonomy":"product_cat","embeddable":true,"href":"https:\/\/france-gastronomie.shop\/cs\/wp-json\/wp\/v2\/product_cat?post=1047"},{"taxonomy":"product_tag","embeddable":true,"href":"https:\/\/france-gastronomie.shop\/cs\/wp-json\/wp\/v2\/product_tag?post=1047"}],"curies":[{"name":"wp","href":"https:\/\/api.w.org\/{rel}","templated":true}]}}