{"id":10389,"date":"2021-05-20T08:57:08","date_gmt":"2021-05-20T08:57:08","guid":{"rendered":"https:\/\/france-gastronomie.shop\/produit\/chateau-de-laumerade-cru-classe-sully\/"},"modified":"2024-05-13T10:24:31","modified_gmt":"2024-05-13T10:24:31","slug":"chateau-de-laumerade-cru-classe-sully","status":"publish","type":"product","link":"https:\/\/france-gastronomie.shop\/cs\/produit\/chateau-de-laumerade-cru-classe-sully\/","title":{"rendered":"Cuv\u00e9e Sully <br\/> Cru Class\u00e9"},"content":{"rendered":"<h5>Ch\u00e2teau de l&#8217;Aum\u00e9rade Cru Class\u00e9<br \/>\nCuv\u00e9e Sully<\/h5>\n<h5>AOP C\u00f4tes de Provence\u00a0Cru Class\u00e9<\/h5>\n<p>Odr\u016fdy<br \/>\n100% Rolle (Vermentino)<\/p>\n<p>Ro\u010dn\u00edk: 2020<\/p>\n<p>Alkohol: 13% obj.<\/p>\n<p>Terroir<br \/>\nMajetek o rozloze 300 ha, z toho 80 v Cru Class\u00e9, roz\u0161\u00ed\u0159en\u00fd ve zlat\u00e9m troj\u00faheln\u00edku C\u00f4tes de Provence,<br \/>\nna rozlehl\u00e9 pl\u00e1ni obda\u0159en\u00e9 j\u00edlovito-v\u00e1pencovou, ko\u0159en\u011bnou a miner\u00e1ln\u00ed p\u016fdou. Obl\u00edben\u00fd terroir pro Rolle.<\/p>\n<p>Vinifikace<br \/>\nV\u00fdb\u011br pozemku.<br \/>\nNo\u010dn\u00ed sklize\u0148 na konci srpna pro zachov\u00e1n\u00ed ve\u0161ker\u00e9 aromatick\u00e9 sv\u011b\u017eesti.<br \/>\nOchlazen\u00ed sklizn\u011b na 15\u00b0 C pr\u016fchodem trubkov\u00fdm v\u00fdm\u011bn\u00edkem p\u0159ed macerac\u00ed za studena.<br \/>\nPot\u00e9 n\u00e1sleduje lisov\u00e1n\u00ed a v\u00fdb\u011br \u0161\u0165\u00e1v, statick\u00e9 usazov\u00e1n\u00ed p\u0159i 13\u00b0 C a dlouh\u00e1 fermentace v nerezov\u00fdch sudech<br \/>\na v betonov\u00fdch n\u00e1dr\u017e\u00edch p\u0159i kontrolovan\u00e9 teplot\u011b mezi 15 a 1 \u00b0 C. Zr\u00e1n\u00ed na jemn\u00fdch kalech a baton\u00e1\u017e na konci fermentace p\u0159in\u00e1\u0161\u00ed v\u00ednu kulatost.<br \/>\nSt\u00e1\u010den\u00ed, filtrace tangenci\u00e1ln\u00edm filtrem, remont\u00e1\u017e na konci roku, stabilizace bentonitem.<br \/>\nP\u0159enos a skladov\u00e1n\u00ed pod dus\u00edkem, aby se zachovalo aroma v\u00edna a zabr\u00e1nilo oxidaci. Toto cuv\u00e9e se pln\u00ed do lahv\u00ed najednou.<\/p>\n<p>Historie<br \/>\nToto cuv\u00e9e bylo vytvo\u0159eno na po\u010dest v\u00e9vody ze Sully, p\u0159edsedy vl\u00e1dy kr\u00e1le Henriho IV., kter\u00fd v roce 1594 zasadil na z\u00e1mku prvn\u00ed moru\u0161e ve Francii, stejn\u011b jako n\u00e1dhern\u00e9 platany, kter\u00e9 zdob\u00ed zahrady. Tak\u00e9 zasadil na\u0161e v\u00edna do srdce Francie.<\/p>\n<p>Degustace<br \/>\n\u017dluto-zlat\u00e1 barva. V\u016fn\u011b je velkorys\u00e1 a elegantn\u00ed. C\u00edt\u00edme jemn\u00e9 v\u016fn\u011b b\u00edl\u00fdch broskv\u00ed a r\u016f\u017eov\u00e9ho pomela.<br \/>\nNa pat\u0159e je kulat\u00e9 a zdvo\u0159il\u00e9. Velmi p\u011bkn\u00e1 d\u00e9lka, sv\u011b\u017e\u00ed.<br \/>\nToto gastronomick\u00e9 Blanc de Blancs je t\u0159eba pod\u00e1vat mezi 12\u00b0 a 13\u00b0 C.<\/p>\n<p>Doporu\u010den\u00ed<br \/>\nBlanc de Blancs se hod\u00ed p\u00edt od aperitivu a\u017e k dezertu. D\u00edky sv\u00e9 delik\u00e1tn\u00ed v\u016fni bude \u00fasp\u011b\u0161n\u011b doprov\u00e1zet j\u00eddla s grilovan\u00fdmi \u010derstv\u00fdmi rybami, koz\u00ed s\u00fdr a bude velmi cen\u011bno jako aperitiv.<\/p>\n<p>Ocen\u011bn\u00ed<br \/>\nOd sv\u00e9ho zalo\u017een\u00ed ve 40. letech 20. stolet\u00ed z\u00edskalo toto cuv\u00e9e zlat\u00e9 a st\u0159\u00edbrn\u00e9 medaile v Pa\u0159\u00ed\u017ei, M\u00e2conu, Saint-Tropez, Brignoles, stejn\u011b jako nelep\u0161\u00ed tipy a citace v p\u0159\u00edru\u010dce Guide Hachette &#8230;<br \/>\n2019: St\u0159\u00edbrn\u00e1 medaile &#8211; Concours des Vinalies<br \/>\n2018: Prix d&#8217;Excellence au Concours des Vinalies<br \/>\n2016: Bronzov\u00e1 medaile &#8211; Concours g\u00e9n\u00e9ral agricole de Paris<br \/>\n2015: St\u0159\u00edbrn\u00e1 medaile &#8211; Concours des vins de Saint Tropez et au concours des vins de M\u00e2con<\/p>\n","protected":false},"excerpt":{"rendered":"<h5>Sully<br \/>\nAOP C\u00f4tes de Provence\u00a0Cru Class\u00e9<\/h5>\n<div>\n<h5>V\u00edna Domaine &amp; Ch\u00e2teaux Fabre<\/h5>\n<p>Fabre v Provence, od roku 1920, velvyslanec \u0161esti Domaines &amp; Ch\u00e2teaux na\u0161\u00ed rodiny.<br \/>\n550 hektar\u016f vinic v AOP C\u00f4tes de Provence, z toho 112 hektar\u016f v &#8222;Cru Class\u00e9&#8220; od roku 1955.<\/p>\n<\/div>\n<p>Odr\u016fdy<br \/>\n100% Rolle (Vermentino)<\/p>\n","protected":false},"featured_media":10387,"comment_status":"open","ping_status":"closed","template":"","meta":[],"product_brand":[],"product_cat":[681,383,394,399,385,386],"product_tag":[],"class_list":{"0":"post-10389","1":"product","2":"type-product","3":"status-publish","4":"has-post-thumbnail","6":"product_cat-cotesdeprovance-2","7":"product_cat-vina","8":"product_cat-regiony","9":"product_cat-jine-regiony","10":"product_cat-barva","11":"product_cat-bila-vina","13":"first","14":"instock","15":"taxable","16":"shipping-taxable","17":"purchasable","18":"product-type-simple"},"jetpack_sharing_enabled":true,"_links":{"self":[{"href":"https:\/\/france-gastronomie.shop\/cs\/wp-json\/wp\/v2\/product\/10389","targetHints":{"allow":["GET"]}}],"collection":[{"href":"https:\/\/france-gastronomie.shop\/cs\/wp-json\/wp\/v2\/product"}],"about":[{"href":"https:\/\/france-gastronomie.shop\/cs\/wp-json\/wp\/v2\/types\/product"}],"replies":[{"embeddable":true,"href":"https:\/\/france-gastronomie.shop\/cs\/wp-json\/wp\/v2\/comments?post=10389"}],"wp:featuredmedia":[{"embeddable":true,"href":"https:\/\/france-gastronomie.shop\/cs\/wp-json\/wp\/v2\/media\/10387"}],"wp:attachment":[{"href":"https:\/\/france-gastronomie.shop\/cs\/wp-json\/wp\/v2\/media?parent=10389"}],"wp:term":[{"taxonomy":"product_brand","embeddable":true,"href":"https:\/\/france-gastronomie.shop\/cs\/wp-json\/wp\/v2\/product_brand?post=10389"},{"taxonomy":"product_cat","embeddable":true,"href":"https:\/\/france-gastronomie.shop\/cs\/wp-json\/wp\/v2\/product_cat?post=10389"},{"taxonomy":"product_tag","embeddable":true,"href":"https:\/\/france-gastronomie.shop\/cs\/wp-json\/wp\/v2\/product_tag?post=10389"}],"curies":[{"name":"wp","href":"https:\/\/api.w.org\/{rel}","templated":true}]}}