{"id":10382,"date":"2021-05-20T07:47:34","date_gmt":"2021-05-20T07:47:34","guid":{"rendered":"https:\/\/france-gastronomie.shop\/produit\/chateau-de-laumerade-cru-classe-louis-fabre\/"},"modified":"2026-03-20T14:24:00","modified_gmt":"2026-03-20T13:24:00","slug":"chateau-de-laumerade-cru-classe-louis-fabre","status":"publish","type":"product","link":"https:\/\/france-gastronomie.shop\/cs\/produit\/chateau-de-laumerade-cru-classe-louis-fabre\/","title":{"rendered":"Louis Fabre <br\/> Cru Class\u00e9 <br\/> Ch\u00e2teau de l&#8217;Aum\u00e9rade"},"content":{"rendered":"<h5>Ch\u00e2teau de l&#8217;Aum\u00e9rade Cru Class\u00e9<br \/>\nLouis Fabre<\/h5>\n<h5>AOP C\u00f4tes de Provence\u00a0Cru Class\u00e9<\/h5>\n<p>Odr\u016fdy<br \/>\n90% Syrah, 10% Grenache<\/p>\n<p>Ro\u010dn\u00edk: 2016<\/p>\n<p>Alkohol: 14,5% obj.<\/p>\n<p>Terroir<br \/>\nJ\u00edlovo-v\u00e1pencov\u00fd<\/p>\n<p>Vinifikace<br \/>\nRu\u010dn\u00ed sklize\u0148.<br \/>\nDestemov\u00e1n\u00ed p\u0159ed um\u00edst\u011bn\u00edm do k\u00e1d\u00ed k tradi\u010dn\u00ed vinifikaci mezi 25\u00b0 a 30\u00b0 C po dobu 20 a\u017e 30 dn\u016f.<br \/>\nDenn\u00ed remont\u00e1\u017e. Malolaktick\u00e9 kva\u0161en\u00ed v k\u00e1d\u00edch. Zr\u00e1n\u00ed 100% v sudech po dobu 12 a\u017e 18 m\u011bs\u00edc\u016f.<\/p>\n<p>Historie<br \/>\nCuv\u00e9e Louis Fabre v bordeauxsk\u00e9 lahvi Exception je um\u00edst\u011bno v d\u0159ev\u011bn\u00e9m boxu (6 lahv\u00ed vle\u017ee).<br \/>\nToto cuv\u00e9e je vyhrazeno pro gastronomickou elitu a milovn\u00edky v\u00edna.<\/p>\n<p>Degustace<br \/>\nGran\u00e1tov\u011b \u010derven\u00e1 barva.<br \/>\nSv\u00e1d\u00ed intenzitou sv\u00fdch v\u016fn\u00ed a projevuje se t\u00f3ny \u010derven\u00e9ho ovoce a ko\u0159en\u00ed.<br \/>\nNa pat\u0159e vl\u00e1dne harmonie se skv\u011bl\u00fdm t\u0159\u00edslov\u00fdm v\u00fdrazem. Pep\u0159ov\u00e9 t\u00f3ny a dobr\u00e1 d\u00e9lka.<\/p>\n<p>Doporu\u010den\u00ed<br \/>\nK tomuto pozoruhodn\u00e9mu ro\u010dn\u00edku se skv\u011ble hod\u00ed du\u0161en\u00e9 maso (zv\u011b\u0159ina, boeuf bourguignon, teriny &#8230;),s\u00fdry s charakterem.<br \/>\nP\u0159ed pod\u00e1v\u00e1n\u00edm se doporu\u010duje nechat n\u011bkolik hodin v karaf\u011b.<\/p>\n<p>Ocen\u011bn\u00ed<br \/>\nZlat\u00e1 medaile &#8211; Concours des vins de la foire de Brignoles 2006<br \/>\nPe\u010de\u0165 mezin\u00e1rodn\u00ed kvality na S\u00e9lection Mondiale des Vins du Canada 2007<\/p>\n","protected":false},"excerpt":{"rendered":"<h5>Louis Fabre<br \/>\nAOP C\u00f4tes de Provence\u00a0Cru Class\u00e9<\/h5>\n<h5>V\u00edna Domaine &amp; Ch\u00e2teaux Fabre<\/h5>\n<p>Fabre v Provence, od roku 1920, velvyslanec \u0161esti Domaines &amp; Ch\u00e2teaux na\u0161\u00ed rodiny.<br \/>\n550 hektar\u016f vinic v AOP C\u00f4tes de Provence, z toho 112 hektar\u016f v &#8222;Cru Class\u00e9&#8220; od roku 1955.<\/p>\n<p>Odr\u016fdy<br \/>\n90% Syrah, 10% Grenache<\/p>\n","protected":false},"featured_media":10377,"comment_status":"open","ping_status":"closed","template":"","meta":[],"product_brand":[],"product_cat":[681,383,394,399,385,388],"product_tag":[],"class_list":{"0":"post-10382","1":"product","2":"type-product","3":"status-publish","4":"has-post-thumbnail","6":"product_cat-cotesdeprovance-2","7":"product_cat-vina","8":"product_cat-regiony","9":"product_cat-jine-regiony","10":"product_cat-barva","11":"product_cat-cervena-vina","13":"first","14":"instock","15":"taxable","16":"shipping-taxable","17":"purchasable","18":"product-type-simple"},"jetpack_sharing_enabled":true,"_links":{"self":[{"href":"https:\/\/france-gastronomie.shop\/cs\/wp-json\/wp\/v2\/product\/10382","targetHints":{"allow":["GET"]}}],"collection":[{"href":"https:\/\/france-gastronomie.shop\/cs\/wp-json\/wp\/v2\/product"}],"about":[{"href":"https:\/\/france-gastronomie.shop\/cs\/wp-json\/wp\/v2\/types\/product"}],"replies":[{"embeddable":true,"href":"https:\/\/france-gastronomie.shop\/cs\/wp-json\/wp\/v2\/comments?post=10382"}],"wp:featuredmedia":[{"embeddable":true,"href":"https:\/\/france-gastronomie.shop\/cs\/wp-json\/wp\/v2\/media\/10377"}],"wp:attachment":[{"href":"https:\/\/france-gastronomie.shop\/cs\/wp-json\/wp\/v2\/media?parent=10382"}],"wp:term":[{"taxonomy":"product_brand","embeddable":true,"href":"https:\/\/france-gastronomie.shop\/cs\/wp-json\/wp\/v2\/product_brand?post=10382"},{"taxonomy":"product_cat","embeddable":true,"href":"https:\/\/france-gastronomie.shop\/cs\/wp-json\/wp\/v2\/product_cat?post=10382"},{"taxonomy":"product_tag","embeddable":true,"href":"https:\/\/france-gastronomie.shop\/cs\/wp-json\/wp\/v2\/product_tag?post=10382"}],"curies":[{"name":"wp","href":"https:\/\/api.w.org\/{rel}","templated":true}]}}