{"id":10370,"date":"2021-05-20T07:06:59","date_gmt":"2021-05-20T07:06:59","guid":{"rendered":"https:\/\/france-gastronomie.shop\/produit\/chateau-de-laumerade-cru-classe-dame-de-piegros\/"},"modified":"2023-11-13T08:24:22","modified_gmt":"2023-11-13T08:24:22","slug":"chateau-de-laumerade-cru-classe-dame-de-piegros","status":"publish","type":"product","link":"https:\/\/france-gastronomie.shop\/cs\/produit\/chateau-de-laumerade-cru-classe-dame-de-piegros\/","title":{"rendered":"Dame de Piegros <br\/> Cru Class\u00e9 <br\/> Ch\u00e2teau de l&#8217;Aum\u00e9rade"},"content":{"rendered":"<h5>Ch\u00e2teau de l&#8217;Aum\u00e9rade Cru Class\u00e9<br \/>\nDame de Piegros<\/h5>\n<h5>AOP C\u00f4tes de Provence\u00a0Cru Class\u00e9<\/h5>\n<p>Odr\u016fdy<br \/>\n79% Syrah, 21% Grenache<\/p>\n<p>Ro\u010dn\u00edk: 2017<\/p>\n<p>Alkohol: 14% obj.<\/p>\n<p>Terroir<br \/>\nMajetek o rozloze 300 ha, z toho 80 v Cru Class\u00e9, roz\u0161\u00ed\u0159en\u00fd ve zlat\u00e9m troj\u00faheln\u00edku C\u00f4tes de Provence,<br \/>\nna rozlehl\u00e9 pl\u00e1ni obda\u0159en\u00e9 j\u00edlovito-v\u00e1pencovou, ko\u0159en\u011bnou a miner\u00e1ln\u00ed p\u016fdou.<\/p>\n<p>Vinifikace<br \/>\nRu\u010dn\u00ed sklize\u0148.<br \/>\nPo destemov\u00e1n\u00ed prob\u00edh\u00e1 macerace mezi 20 a 30 \u00b0 po dobu 8 a\u017e 25 dn\u016f.<br \/>\nPravideln\u00e1 op\u011btovn\u00e1 remont\u00e1\u017e.<br \/>\nMalolaktick\u00e1 fermentace prob\u00edh\u00e1 v k\u00e1d\u00edch a pot\u00e9 prob\u00edh\u00e1 12ti m\u011bs\u00ed\u010dn\u00ed zr\u00e1n\u00ed na 50% v sudech druh\u00e9ho v\u00edna.<\/p>\n<p>Historie<br \/>\nToto v\u00edno bylo vytvo\u0159eno jako pocta pro pan\u00ed z Piegros, kter\u00e1 byla v 17. stolet\u00ed vlivnou osobnost\u00ed ve sv\u011bt\u011b v\u00edna.<br \/>\nJej\u00ed posledn\u00ed v\u016fle stanovila, \u017ee panstv\u00ed &#8211; b\u00fdval\u00e1 pevnost Piegros &#8211; je st\u00e1le spravov\u00e1no v provens\u00e1lsk\u00e9 tradici.<\/p>\n<p>Degustace<br \/>\n\u010cerven\u00e1 barva s gran\u00e1tov\u00fdmi odlesky.<br \/>\nIntenzivn\u00ed v\u016fn\u011b \u010dern\u00e9ho ovoce a ko\u0159en\u00ed doprov\u00e1zen\u00e1 diskr\u00e9tn\u00edmi a dob\u0159e roztaven\u00fdmi d\u0159evit\u00fdmi t\u00f3ny, kter\u00e9 dod\u00e1vaj\u00ed v\u00ednu jeho charakter.<br \/>\nNa pat\u0159e m\u00e1 v\u00edno dobr\u00fd objem a pozoruhodnou rovnov\u00e1hu. Po du\u017enat\u00e9m \u00favodu c\u00edt\u00edme jemn\u00e9 a sametov\u00e9 t\u0159\u00edsloviny. Elegantn\u00ed koncentrace je vyj\u00e1d\u0159ena v z\u00e1v\u011bru na not\u00e1ch \u010dern\u00fdch t\u0159e\u0161n\u00ed. Chu\u0165ov\u00e1 rovnov\u00e1ha mezi kysel\u00fdmi vjemy, alkohol a t\u0159\u00edsloviny zaru\u010duj\u00ed potenci\u00e1l zr\u00e1n\u00ed 5 a\u017e 8 let.<br \/>\nV\u0161e z\u00e1le\u017e\u00ed na preferenci degust\u00e1tora: mlad\u00e9, mu\u017en\u00e9 v\u00edno nebo vl\u00e1\u010dn\u011bj\u0161\u00ed v\u00edno se slo\u017eit\u011bj\u0161\u00edmi aromaty.<br \/>\nPod\u00e1vat mezi 15 \u00b0 a 20 \u00b0.<\/p>\n<p>Doporu\u010den\u00ed<br \/>\nIde\u00e1ln\u00ed k va\u0159en\u00fdm masov\u00fdm pokrm\u016fm a tvrd\u00fdm s\u00fdr\u016fm. P\u0159ed pod\u00e1v\u00e1n\u00edm se doporu\u010duje nechat v\u00edno n\u011bkolik hodin v karaf\u011b.<\/p>\n<p>Ocen\u011bn\u00ed<br \/>\n2017: Bronzov\u00e1 medaile &#8211; Decanter Asia Wine Awards 89\/100.<\/p>\n","protected":false},"excerpt":{"rendered":"<h5>Dame de Piegros<br \/>\nAOP C\u00f4tes de Provence\u00a0Cru Class\u00e9<\/h5>\n<h5>V\u00edna Domaine &amp; Ch\u00e2teaux Fabre<\/h5>\n<p>Fabre v Provence, od roku 1920, velvyslanec \u0161esti Domaines &amp; Ch\u00e2teaux na\u0161\u00ed rodiny.<br \/>\n550 hektar\u016f vinic v AOP C\u00f4tes de Provence, z toho 112 hektar\u016f v &#8222;Cru Class\u00e9&#8220; od roku 1955.<\/p>\n<p>Odr\u016fdy<br \/>\n79% Syrah, 21% Grenache<\/p>\n","protected":false},"featured_media":10380,"comment_status":"open","ping_status":"closed","template":"","meta":[],"product_brand":[],"product_cat":[681,383,394,399,385,388],"product_tag":[],"class_list":{"0":"post-10370","1":"product","2":"type-product","3":"status-publish","4":"has-post-thumbnail","6":"product_cat-cotesdeprovance-2","7":"product_cat-vina","8":"product_cat-regiony","9":"product_cat-jine-regiony","10":"product_cat-barva","11":"product_cat-cervena-vina","13":"first","14":"instock","15":"taxable","16":"shipping-taxable","17":"purchasable","18":"product-type-simple"},"jetpack_sharing_enabled":true,"_links":{"self":[{"href":"https:\/\/france-gastronomie.shop\/cs\/wp-json\/wp\/v2\/product\/10370","targetHints":{"allow":["GET"]}}],"collection":[{"href":"https:\/\/france-gastronomie.shop\/cs\/wp-json\/wp\/v2\/product"}],"about":[{"href":"https:\/\/france-gastronomie.shop\/cs\/wp-json\/wp\/v2\/types\/product"}],"replies":[{"embeddable":true,"href":"https:\/\/france-gastronomie.shop\/cs\/wp-json\/wp\/v2\/comments?post=10370"}],"wp:featuredmedia":[{"embeddable":true,"href":"https:\/\/france-gastronomie.shop\/cs\/wp-json\/wp\/v2\/media\/10380"}],"wp:attachment":[{"href":"https:\/\/france-gastronomie.shop\/cs\/wp-json\/wp\/v2\/media?parent=10370"}],"wp:term":[{"taxonomy":"product_brand","embeddable":true,"href":"https:\/\/france-gastronomie.shop\/cs\/wp-json\/wp\/v2\/product_brand?post=10370"},{"taxonomy":"product_cat","embeddable":true,"href":"https:\/\/france-gastronomie.shop\/cs\/wp-json\/wp\/v2\/product_cat?post=10370"},{"taxonomy":"product_tag","embeddable":true,"href":"https:\/\/france-gastronomie.shop\/cs\/wp-json\/wp\/v2\/product_tag?post=10370"}],"curies":[{"name":"wp","href":"https:\/\/api.w.org\/{rel}","templated":true}]}}