{"id":1033,"date":"2020-08-05T08:42:25","date_gmt":"2020-08-05T08:42:25","guid":{"rendered":"https:\/\/france-gastronomie.shop\/produit\/domaine-de-ju-ventoux-2\/"},"modified":"2025-02-07T22:15:40","modified_gmt":"2025-02-07T22:15:40","slug":"domaine-de-ju-ventoux-2","status":"publish","type":"product","link":"https:\/\/france-gastronomie.shop\/cs\/produit\/domaine-de-ju-ventoux-2\/","title":{"rendered":"Domaine de JU <br\/> AOC Ventoux"},"content":{"rendered":"<h5>Domaine de JU<\/h5>\n<h5>AOC Ventoux<\/h5>\n<p>P\u016eVOD<br \/>\nVina\u0159 Julien Cornud je tak\u00e9 botanik a miluje sv\u016fj pozemek. Jeho vinice se nach\u00e1zej\u00ed v mal\u00e9 vesnici Caromb, na \u00fapat\u00ed hory MontVentoux. Jeho vinice m\u00e1 tu zvl\u00e1\u0161tnost, \u017ee obsahuje kousky pazourku, a proto Julien Cornud vtipkoval, \u017ee by mohl ud\u011blat velmi p\u011bkn\u00fd Sauvignon Blanc jako v oblasti Loiry. P\u016fda je j\u00edlovo k\u0159emi\u010dit\u00e1 s kousky pazourku jako v\u00a0Sancerre.<\/p>\n<p>ODR\u016eDY<br \/>\n80% Roussane, 20% Clairette<\/p>\n<p>DEGUSTACE<br \/>\nToto v\u00edno m\u00e1 kr\u00e1snou zlatou barvu. V\u016fn\u011b je intenzivn\u00ed a komplexn\u00ed s t\u00f3ny hru\u0161ek, b\u00edl\u00fdch kv\u011bt\u016f a bylinn\u00e9ho \u010daje. Chu\u0165 je dob\u0159e vyv\u00e1\u017een\u00e1 s \u010derstvost\u00ed, kulatost\u00ed s dobrou d\u00e9lkou.<\/p>\n<p>RADY K DEGUSTACI<br \/>\nUchov\u00e1vat 1 &#8211; 3 roky<\/p>\n<p>DOPORU\u010cEN\u00cd<br \/>\nM\u011blo by se p\u00edt vychlazen\u00e9 jako aperitiv nebo k ryb\u00e1m a mo\u0159sk\u00fdm plod\u016fm jako grilovan\u00fd losos, krab\u00ed ty\u010dinky nebo h\u0159ebenatky ope\u010den\u00e9 na p\u00e1nvi . Perfektn\u011b se hod\u00ed i ke koz\u00edmu s\u00fdru.<\/p>\n<p>OCEN\u011aN\u00cd<br \/>\n2018: zlato Gilbert &amp; Gaillard<br \/>\n2017: zlato Gilbert &amp; Gaillard<\/p>\n","protected":false},"excerpt":{"rendered":"<h5>AOC Ventoux<\/h5>\n<p>V roce 1925 se spojila skupina vina\u0159\u016f p\u0159esv\u011bd\u010den\u00fdch o hodnot\u00e1ch solidarity a vz\u00e1jemn\u00e9 pomoci. O jeden\u00e1ct let pozd\u011bji se tito vizion\u00e1\u0159\u0161t\u00ed vina\u0159i pod\u00edleli na vytvo\u0159en\u00ed prvn\u00ed apelace ve Francii: CH\u00c2TEAUNEUF-DU-PAPE.<br \/>\n189 vina\u0159\u016f z CELLIER DES PRINCES, kte\u0159\u00ed byli na po\u010d\u00e1tku sjednoceni, je hrd\u00fdch na to, \u017ee mohou sv\u00e1 v\u00edna prod\u00e1vat na v\u0161ech p\u011bti kontinentech a p\u0159ed\u00e1vat sv\u00e9 hodnoty, jako je pohostinnost a dokonalost.<\/p>\n<p>ODR\u016eDY<br \/>\n80% Roussane, 20% Clairette<\/p>\n","protected":false},"featured_media":9033,"comment_status":"closed","ping_status":"closed","template":"","meta":[],"product_brand":[],"product_cat":[659,383,394,435,385,386],"product_tag":[],"class_list":{"0":"post-1033","1":"product","2":"type-product","3":"status-publish","4":"has-post-thumbnail","6":"product_cat-ventoux-2","7":"product_cat-vina","8":"product_cat-regiony","9":"product_cat-vallee-du-rhone-cs","10":"product_cat-barva","11":"product_cat-bila-vina","13":"first","14":"instock","15":"taxable","16":"shipping-taxable","17":"purchasable","18":"product-type-simple"},"jetpack_sharing_enabled":true,"_links":{"self":[{"href":"https:\/\/france-gastronomie.shop\/cs\/wp-json\/wp\/v2\/product\/1033","targetHints":{"allow":["GET"]}}],"collection":[{"href":"https:\/\/france-gastronomie.shop\/cs\/wp-json\/wp\/v2\/product"}],"about":[{"href":"https:\/\/france-gastronomie.shop\/cs\/wp-json\/wp\/v2\/types\/product"}],"replies":[{"embeddable":true,"href":"https:\/\/france-gastronomie.shop\/cs\/wp-json\/wp\/v2\/comments?post=1033"}],"wp:featuredmedia":[{"embeddable":true,"href":"https:\/\/france-gastronomie.shop\/cs\/wp-json\/wp\/v2\/media\/9033"}],"wp:attachment":[{"href":"https:\/\/france-gastronomie.shop\/cs\/wp-json\/wp\/v2\/media?parent=1033"}],"wp:term":[{"taxonomy":"product_brand","embeddable":true,"href":"https:\/\/france-gastronomie.shop\/cs\/wp-json\/wp\/v2\/product_brand?post=1033"},{"taxonomy":"product_cat","embeddable":true,"href":"https:\/\/france-gastronomie.shop\/cs\/wp-json\/wp\/v2\/product_cat?post=1033"},{"taxonomy":"product_tag","embeddable":true,"href":"https:\/\/france-gastronomie.shop\/cs\/wp-json\/wp\/v2\/product_tag?post=1033"}],"curies":[{"name":"wp","href":"https:\/\/api.w.org\/{rel}","templated":true}]}}