{"id":1003,"date":"2020-08-04T09:13:47","date_gmt":"2020-08-04T09:13:47","guid":{"rendered":"https:\/\/france-gastronomie.shop\/produit\/heredita-chateauneuf-du-pape\/"},"modified":"2025-12-11T21:31:13","modified_gmt":"2025-12-11T21:31:13","slug":"heredita-chateauneuf-du-pape","status":"publish","type":"product","link":"https:\/\/france-gastronomie.shop\/cs\/produit\/heredita-chateauneuf-du-pape\/","title":{"rendered":"H\u00e9r\u00e9dita <br\/> Ch\u00e2teauneuf du Pape"},"content":{"rendered":"<h5>H\u00e9r\u00e9dita<\/h5>\n<h5>AOC Ch\u00e2teauneuf du Pape<\/h5>\n<p>P\u016eVOD<br \/>\nH\u00e9r\u00e9dita je v\u00edno vze\u0161l\u00e9 ze spolupr\u00e1ce Philippa Cambie, uzn\u00e1van\u00e9ho specialisty na Grenache a dr\u017eitele titulu \u00abVina\u0159 Roku 2010\u00bb od Roberta Parkera, s Cellier des Princes a s jeho enologem Thierrym Ferlayem. Tento v\u00fdjime\u010dn\u00fd v\u00fdb\u011br ze stalet\u00fdch Grenache spojuje tradici a modernost, z \u010deho\u017e vych\u00e1z\u00ed jeho heslo \u00abNOVE SED NON NOVA, zp\u016fsob je nov\u00fd, ale materi\u00e1l ne.\u00bb P\u016fda je z \u010derven\u00e9ho j\u00edlu s ov\u00e1ln\u00fdmi obl\u00e1zky. Jsou vyb\u00edr\u00e1ny nejkvalitn\u011bj\u0161\u00ed a nejstar\u0161\u00ed pozemky v Courth\u00e9zonu.<\/p>\n<p>ODR\u016eDY<br \/>\nGrenache 95 %, Mourv\u00e8dre 5 %<\/p>\n<p>DEGUSTACE<br \/>\nV\u016fn\u011b je intenzivn\u00ed a sofistikovan\u00e1, s t\u00f3ny t\u0159e\u0161\u0148ovice a \u010dern\u00e9ho ovoce jako bor\u016fvek a t\u0159e\u0161n\u00ed, sladk\u00e9ho ko\u0159en\u00ed a n\u00edzk\u00fdch k\u0159ovin, jahod a l\u00e9ko\u0159ice. Chu\u0165 je hladk\u00e1 a siln\u00e1, s kr\u00e1sn\u00fdmi taniny a dlouh\u00fdm z\u00e1v\u011brem ope\u010den\u00fdch aromat a ko\u0159en\u00ed.<\/p>\n<p>POD\u00c1V\u00c1N\u00cd<br \/>\nM\u016f\u017eete si ho vychutnat do 3 let nebo ho m\u016f\u017eete uchov\u00e1vat 8-15 let.<\/p>\n<p>Pod\u00e1vat p\u0159i 15\u00b0 &#8211; 16\u00b0C<\/p>\n<p>DOPORU\u010cEN\u00cd<br \/>\nHod\u00ed se perfektn\u011b ke v\u0161em mas\u016fm s om\u00e1\u010dkou, zv\u011b\u0159in\u011b jako filetu ze sv\u00ed\u010dkov\u00e9, pe\u010deni z divo\u010d\u00e1ka, kachn\u00edmu konfitu a jemn\u00fdm s\u00fdr\u016fm.<\/p>\n<p>OCEN\u011aN\u00cd<br \/>\n2016 \/\/ 93 Jeb Dunnuck<br \/>\n2017 \/\/ 92-94 par Jeb Dunnuck<\/p>\n","protected":false},"excerpt":{"rendered":"<h5>AOC Ch\u00e2teauneuf du Pape<\/h5>\n<div>V roce 1925 se spojila skupina vina\u0159\u016f p\u0159esv\u011bd\u010den\u00fdch o hodnot\u00e1ch solidarity a vz\u00e1jemn\u00e9 pomoci. O jeden\u00e1ct let pozd\u011bji se tito vizion\u00e1\u0159\u0161t\u00ed vina\u0159i pod\u00edleli na vytvo\u0159en\u00ed prvn\u00ed apelace ve Francii: CH\u00c2TEAUNEUF-DU-PAPE.<br \/>\n189 vina\u0159\u016f z CELLIER DES PRINCES, kte\u0159\u00ed byli na po\u010d\u00e1tku sjednoceni, je hrd\u00fdch na to, \u017ee mohou sv\u00e1 v\u00edna prod\u00e1vat na v\u0161ech p\u011bti kontinentech a p\u0159ed\u00e1vat sv\u00e9 hodnoty, jako je pohostinnost a dokonalost.<\/div>\n<p>ODR\u016eDY<br \/>\nGrenache 95 %, Mourv\u00e8dre 5 %<\/p>\n","protected":false},"featured_media":25122,"comment_status":"closed","ping_status":"closed","template":"","meta":[],"product_brand":[],"product_cat":[383,389,394,435,436,385,388],"product_tag":[],"class_list":{"0":"post-1003","1":"product","2":"type-product","3":"status-publish","4":"has-post-thumbnail","6":"product_cat-vina","7":"product_cat-spickova-vina","8":"product_cat-regiony","9":"product_cat-vallee-du-rhone-cs","10":"product_cat-chateauneuf-du-pape-cs","11":"product_cat-barva","12":"product_cat-cervena-vina","14":"first","15":"instock","16":"taxable","17":"shipping-taxable","18":"purchasable","19":"product-type-simple"},"jetpack_sharing_enabled":true,"_links":{"self":[{"href":"https:\/\/france-gastronomie.shop\/cs\/wp-json\/wp\/v2\/product\/1003","targetHints":{"allow":["GET"]}}],"collection":[{"href":"https:\/\/france-gastronomie.shop\/cs\/wp-json\/wp\/v2\/product"}],"about":[{"href":"https:\/\/france-gastronomie.shop\/cs\/wp-json\/wp\/v2\/types\/product"}],"replies":[{"embeddable":true,"href":"https:\/\/france-gastronomie.shop\/cs\/wp-json\/wp\/v2\/comments?post=1003"}],"wp:featuredmedia":[{"embeddable":true,"href":"https:\/\/france-gastronomie.shop\/cs\/wp-json\/wp\/v2\/media\/25122"}],"wp:attachment":[{"href":"https:\/\/france-gastronomie.shop\/cs\/wp-json\/wp\/v2\/media?parent=1003"}],"wp:term":[{"taxonomy":"product_brand","embeddable":true,"href":"https:\/\/france-gastronomie.shop\/cs\/wp-json\/wp\/v2\/product_brand?post=1003"},{"taxonomy":"product_cat","embeddable":true,"href":"https:\/\/france-gastronomie.shop\/cs\/wp-json\/wp\/v2\/product_cat?post=1003"},{"taxonomy":"product_tag","embeddable":true,"href":"https:\/\/france-gastronomie.shop\/cs\/wp-json\/wp\/v2\/product_tag?post=1003"}],"curies":[{"name":"wp","href":"https:\/\/api.w.org\/{rel}","templated":true}]}}