{"id":17785,"date":"2024-04-23T10:36:52","date_gmt":"2024-04-23T10:36:52","guid":{"rendered":"https:\/\/france-gastronomie.shop\/zasady-ochrany-osobnich-udaju\/"},"modified":"2024-04-23T11:04:52","modified_gmt":"2024-04-23T11:04:52","slug":"zasady-ochrany-osobnich-udaju","status":"publish","type":"page","link":"https:\/\/france-gastronomie.shop\/cs\/zasady-ochrany-osobnich-udaju\/","title":{"rendered":"Z\u00e1sady ochrany osobn\u00edch \u00fadaj\u016f"},"content":{"rendered":"\t\t<div data-elementor-type=\"wp-page\" data-elementor-id=\"17785\" class=\"elementor elementor-17785 elementor-3\" data-elementor-post-type=\"page\">\n\t\t\t\t\t\t<section class=\"wd-negative-gap elementor-section elementor-top-section elementor-element elementor-element-73e5f666 elementor-section-boxed elementor-section-height-default elementor-section-height-default\" data-id=\"73e5f666\" data-element_type=\"section\">\n\t\t\t\t\t\t<div class=\"elementor-container elementor-column-gap-default\">\n\t\t\t\t\t<div class=\"elementor-column elementor-col-100 elementor-top-column elementor-element elementor-element-39a81780\" data-id=\"39a81780\" data-element_type=\"column\">\n\t\t\t<div class=\"elementor-widget-wrap elementor-element-populated\">\n\t\t\t\t\t\t<div class=\"elementor-element elementor-element-26fa3b4f color-scheme-inherit text-left elementor-widget elementor-widget-text-editor\" data-id=\"26fa3b4f\" data-element_type=\"widget\" data-widget_type=\"text-editor.default\">\n\t\t\t\t\t\t\t\t\t<p><strong>OCHRANA OSOBN\u00cdCH \u00daDAJ\u016e A ZAS\u00cdL\u00c1N\u00cd OBCHODN\u00cdCH SD\u011aLEN\u00cd<\/strong><\/p>\n<p>EURUNI CZ, s.r.o.,&nbsp;Ko\u0159ensk\u00e9ho 1038\/11, 150 00 Praha 5, I\u010c 27175847 db\u00e1 na ochranu osobn\u00edch \u00fadaj\u016f, kter\u00e9 n\u00e1m p\u0159ed\u00e1v\u00e1te.<\/p>\n<p>EURUNI CZ, s.r.o. db\u00e1 na bezpe\u010dnost osobn\u00edch dat, kter\u00e9 n\u00e1m p\u0159ed\u00e1v\u00e1te. P\u0159ijali jsme vhodn\u00e1 technick\u00e1 a organiza\u010dn\u00ed opat\u0159en\u00ed, abychom Va\u0161e data dostate\u010dn\u011b chr\u00e1nili s&nbsp;ohledem na z\u00e1va\u017enost jejich zpracov\u00e1n\u00ed. K&nbsp;Va\u0161im osobn\u00edm \u00fadaj\u016fm, kter\u00e9 jsme od V\u00e1s z\u00edskali, nem\u00e1 p\u0159\u00edstup \u017e\u00e1dn\u00e1 neopr\u00e1vn\u011bn\u00e1 osoba.<\/p>\n<ol>\n<li>Ochrana osobn\u00edch \u00fadaj\u016f kupuj\u00edc\u00edho, kter\u00fd je fyzickou osobou, je poskytov\u00e1na z\u00e1konem \u010d. 101\/2000 Sb., o ochran\u011b osobn\u00edch \u00fadaj\u016f, ve zn\u011bn\u00ed pozd\u011bj\u0161\u00edch p\u0159edpis\u016f.<\/li>\n<li>Kupuj\u00edc\u00ed souhlas\u00ed se zpracov\u00e1n\u00edm t\u011bchto sv\u00fdch osobn\u00edch \u00fadaj\u016f: jm\u00e9no a p\u0159\u00edjmen\u00ed, adresa bydli\u0161t\u011b, identifika\u010dn\u00ed \u010d\u00edslo, da\u0148ov\u00e9 identifika\u010dn\u00ed \u010d\u00edslo, adresa elektronick\u00e9 po\u0161ty a telefonn\u00ed \u010d\u00edslo (d\u00e1le spole\u010dn\u011b v\u0161e jen jako \u201eosobn\u00ed \u00fadaje\u201c).<\/li>\n<li>Kupuj\u00edc\u00ed souhlas\u00ed se zpracov\u00e1n\u00edm osobn\u00edch \u00fadaj\u016f prod\u00e1vaj\u00edc\u00edm, a to pro \u00fa\u010dely realizace pr\u00e1v a&nbsp;povinnost\u00ed z kupn\u00ed smlouvy a pro \u00fa\u010dely zas\u00edl\u00e1n\u00ed informac\u00ed a obchodn\u00edch sd\u011blen\u00ed prod\u00e1vaj\u00edc\u00edmu.<\/li>\n<li>Kupuj\u00edc\u00ed bere na v\u011bdom\u00ed, \u017ee je povinen sv\u00e9 osobn\u00ed \u00fadaje (p\u0159i registraci, ve sv\u00e9m u\u017eivatelsk\u00e9m \u00fa\u010dtu, p\u0159i objedn\u00e1vce proveden\u00e9 z webov\u00e9ho rozhran\u00ed obchodu) uv\u00e1d\u011bt spr\u00e1vn\u011b a pravdiv\u011b a \u017ee je povinen bez zbyte\u010dn\u00e9ho odkladu informovat prod\u00e1vaj\u00edc\u00edho o zm\u011bn\u011b ve sv\u00fdch osobn\u00edch \u00fadaj\u00edch.<\/li>\n<li>Zpracov\u00e1n\u00edm osobn\u00edch \u00fadaj\u016f kupuj\u00edc\u00edho m\u016f\u017ee prod\u00e1vaj\u00edc\u00ed pov\u011b\u0159it t\u0159et\u00ed osobu, jako\u017eto zpracovatele. Krom\u011b osob dopravuj\u00edc\u00edch zbo\u017e\u00ed nebudou osobn\u00ed \u00fadaje prod\u00e1vaj\u00edc\u00edm bez p\u0159edchoz\u00edho souhlasu kupuj\u00edc\u00edho p\u0159ed\u00e1v\u00e1ny t\u0159et\u00edm osob\u00e1m.<\/li>\n<li>Osobn\u00ed \u00fadaje budou zpracov\u00e1v\u00e1ny po dobu neur\u010ditou. Osobn\u00ed \u00fadaje budou zpracov\u00e1v\u00e1ny v&nbsp;elektronick\u00e9 podob\u011b automatizovan\u00fdm zp\u016fsobem nebo v ti\u0161t\u011bn\u00e9 podob\u011b neautomatizovan\u00fdm zp\u016fsobem.<\/li>\n<li>Kupuj\u00edc\u00ed potvrzuje, \u017ee poskytnut\u00e9 osobn\u00ed \u00fadaje jsou p\u0159esn\u00e9 a \u017ee byl pou\u010den o tom, \u017ee se jedn\u00e1 o&nbsp;dobrovoln\u00e9 poskytnut\u00ed osobn\u00edch \u00fadaj\u016f. Kupuj\u00edc\u00ed prohla\u0161uje, \u017ee byl pou\u010den o tom, \u017ee souhlas se&nbsp;zpracov\u00e1n\u00edm osobn\u00edch \u00fadaj\u016f m\u016f\u017ee ve vztahu k prod\u00e1vaj\u00edc\u00edmu odvolat p\u00edsemn\u00fdm ozn\u00e1men\u00edm doru\u010den\u00fdm na adresu prod\u00e1vaj\u00edc\u00edho.<\/li>\n<li>V p\u0159\u00edpad\u011b, \u017ee by se kupuj\u00edc\u00ed domn\u00edval, \u017ee prod\u00e1vaj\u00edc\u00ed nebo zpracovatel (bod 5.) prov\u00e1d\u00ed zpracov\u00e1n\u00ed jeho osobn\u00edch \u00fadaj\u016f, kter\u00e9 je v rozporu s ochranou soukrom\u00e9ho a osobn\u00edho \u017eivota kupuj\u00edc\u00edho nebo v&nbsp;rozporu se z\u00e1konem, zejm\u00e9na jsou-li osobn\u00ed \u00fadaje nep\u0159esn\u00e9 s ohledem na \u00fa\u010del jejich zpracov\u00e1n\u00ed, m\u016f\u017ee:<\/li>\n<\/ol>\n<p>&#8211; po\u017e\u00e1dat prod\u00e1vaj\u00edc\u00edho nebo zpracovatele o vysv\u011btlen\u00ed<\/p><p>&#8211; po\u017eadovat, aby prod\u00e1vaj\u00edc\u00ed nebo zpracovatel odstranil takto vznikl\u00fd stav.<\/p>\n<p>Zejm\u00e9na se m\u016f\u017ee jednat o blokov\u00e1n\u00ed, proveden\u00ed opravy, dopln\u011bn\u00ed nebo likvidaci osobn\u00edch \u00fadaj\u016f. Je-li \u017e\u00e1dost kupuj\u00edc\u00edho podle p\u0159edchoz\u00ed v\u011bty shled\u00e1na opr\u00e1vn\u011bnou, prod\u00e1vaj\u00edc\u00ed nebo zpracovatel odstran\u00ed neprodlen\u011b z\u00e1vadn\u00fd stav. Nevyhov\u00ed-li prod\u00e1vaj\u00edc\u00ed nebo zpracovatel \u017e\u00e1dosti, m\u00e1 kupuj\u00edc\u00ed pr\u00e1vo obr\u00e1tit se p\u0159\u00edmo na \u00da\u0159ad pro ochranu osobn\u00edch \u00fadaj\u016f. T\u00edmto ustanoven\u00edm nen\u00ed dot\u010deno opr\u00e1vn\u011bn\u00ed kupuj\u00edc\u00edho obr\u00e1tit se se sv\u00fdm podn\u011btem na \u00da\u0159ad pro ochranu osobn\u00edch \u00fadaj\u016f p\u0159\u00edmo.<\/p>\n<ol start=\"9\">\n<li>Po\u017e\u00e1d\u00e1-li kupuj\u00edc\u00ed o informaci o zpracov\u00e1n\u00ed sv\u00fdch osobn\u00edch \u00fadaj\u016f, je mu prod\u00e1vaj\u00edc\u00ed povinen tuto informaci p\u0159edat. Prod\u00e1vaj\u00edc\u00ed m\u00e1 pr\u00e1vo za poskytnut\u00ed informace podle p\u0159edchoz\u00ed v\u011bty po\u017eadovat p\u0159im\u011b\u0159enou \u00fahradu nep\u0159evy\u0161uj\u00edc\u00ed n\u00e1klady nezbytn\u00e9 na poskytnut\u00ed informace.<\/li>\n<li>Kupuj\u00edc\u00ed souhlas\u00ed se zas\u00edl\u00e1n\u00edm informac\u00ed souvisej\u00edc\u00edch se zbo\u017e\u00edm, slu\u017ebami nebo podnikem prod\u00e1vaj\u00edc\u00edho na elektronickou adresu kupuj\u00edc\u00edho a d\u00e1le souhlas\u00ed se zas\u00edl\u00e1n\u00edm obchodn\u00edch sd\u011blen\u00ed prod\u00e1vaj\u00edc\u00edm na elektronickou adresu kupuj\u00edc\u00edho<\/li>\n<\/ol>\n<p>Tyto podm\u00ednky nab\u00fdvaj\u00ed \u00fa\u010dinnosti dnem 1.5.2024<\/p>\t\t\t\t\t\t\t\t<\/div>\n\t\t\t\t\t<\/div>\n\t\t<\/div>\n\t\t\t\t\t<\/div>\n\t\t<\/section>\n\t\t\t\t<\/div>\n\t\t","protected":false},"excerpt":{"rendered":"<p>OCHRANA OSOBN\u00cdCH \u00daDAJ\u016e A ZAS\u00cdL\u00c1N\u00cd OBCHODN\u00cdCH SD\u011aLEN\u00cd EURUNI CZ, s.r.o.,&nbsp;Ko\u0159ensk\u00e9ho 1038\/11, 150 00 Praha 5, I\u010c 27175847 db\u00e1 na ochranu<\/p>\n","protected":false},"author":1,"featured_media":0,"parent":0,"menu_order":0,"comment_status":"closed","ping_status":"closed","template":"","meta":{"footnotes":""},"class_list":["post-17785","page","type-page","status-publish","hentry"],"jetpack_sharing_enabled":true,"_links":{"self":[{"href":"https:\/\/france-gastronomie.shop\/cs\/wp-json\/wp\/v2\/pages\/17785","targetHints":{"allow":["GET"]}}],"collection":[{"href":"https:\/\/france-gastronomie.shop\/cs\/wp-json\/wp\/v2\/pages"}],"about":[{"href":"https:\/\/france-gastronomie.shop\/cs\/wp-json\/wp\/v2\/types\/page"}],"author":[{"embeddable":true,"href":"https:\/\/france-gastronomie.shop\/cs\/wp-json\/wp\/v2\/users\/1"}],"replies":[{"embeddable":true,"href":"https:\/\/france-gastronomie.shop\/cs\/wp-json\/wp\/v2\/comments?post=17785"}],"version-history":[{"count":10,"href":"https:\/\/france-gastronomie.shop\/cs\/wp-json\/wp\/v2\/pages\/17785\/revisions"}],"predecessor-version":[{"id":17797,"href":"https:\/\/france-gastronomie.shop\/cs\/wp-json\/wp\/v2\/pages\/17785\/revisions\/17797"}],"wp:attachment":[{"href":"https:\/\/france-gastronomie.shop\/cs\/wp-json\/wp\/v2\/media?parent=17785"}],"curies":[{"name":"wp","href":"https:\/\/api.w.org\/{rel}","templated":true}]}}